{"id":521,"date":"2024-06-28T13:06:21","date_gmt":"2024-06-28T11:06:21","guid":{"rendered":"https:\/\/fisioterapiadeladona.com\/acerca-de-mi\/"},"modified":"2024-09-28T08:59:07","modified_gmt":"2024-09-28T06:59:07","slug":"acerca-de-mi","status":"publish","type":"page","link":"https:\/\/fisioterapiadeladona.com\/es\/acerca-de-mi\/","title":{"rendered":"Acerca de m\u00ed"},"content":{"rendered":"\n<div class=\"wp-block-cover alignfull is-light hero\" style=\"min-height:100vh;aspect-ratio:unset;\"><span aria-hidden=\"true\" class=\"wp-block-cover__background has-white-background-color has-background-dim-0 has-background-dim\"><\/span><img loading=\"lazy\" decoding=\"async\" width=\"2300\" height=\"1533\" class=\"wp-block-cover__image-background wp-image-47\" alt=\"\" src=\"https:\/\/blamark.com\/SILVIA\/wp-content\/uploads\/2024\/06\/Espai_Ale__015.jpg\" data-object-fit=\"cover\" srcset=\"https:\/\/fisioterapiadeladona.com\/wp-content\/uploads\/2024\/06\/Espai_Ale__015.jpg 2300w, https:\/\/fisioterapiadeladona.com\/wp-content\/uploads\/2024\/06\/Espai_Ale__015-300x200.jpg 300w, https:\/\/fisioterapiadeladona.com\/wp-content\/uploads\/2024\/06\/Espai_Ale__015-1024x683.jpg 1024w, https:\/\/fisioterapiadeladona.com\/wp-content\/uploads\/2024\/06\/Espai_Ale__015-768x512.jpg 768w, https:\/\/fisioterapiadeladona.com\/wp-content\/uploads\/2024\/06\/Espai_Ale__015-1536x1024.jpg 1536w, https:\/\/fisioterapiadeladona.com\/wp-content\/uploads\/2024\/06\/Espai_Ale__015-2048x1365.jpg 2048w\" sizes=\"auto, (max-width: 2300px) 100vw, 2300px\" \/><div class=\"wp-block-cover__inner-container is-layout-constrained wp-block-cover-is-layout-constrained\">\n<div class=\"wp-block-columns is-layout-flex wp-container-core-columns-is-layout-9d6595d7 wp-block-columns-is-layout-flex\">\n<div class=\"wp-block-column is-layout-flow wp-block-column-is-layout-flow\">\n<h1 class=\"wp-block-heading o-typing-delay-100ms o-typing-fast has-white-color has-text-color has-link-color has-x-large-font-size wp-elements-1ed9cd15955df0906f6a1037d3c2f09e\"><strong><o-anim-typing>SILVIA ALONSO<\/o-anim-typing><\/strong><\/h1>\n\n\n\n<hr class=\"wp-block-separator has-alpha-channel-opacity\">\n\n\n\n<h2 class=\"wp-block-heading has-white-color has-text-color has-link-color wp-elements-2dec917b2383f96091308c654db18ed5\"><strong><strong>Fisioterapeuta especializada en la salud de la mujer<\/strong><\/strong><\/h2>\n<\/div>\n\n\n\n<div class=\"wp-block-column is-layout-flow wp-block-column-is-layout-flow\"><\/div>\n<\/div>\n<\/div><\/div>\n\n\n\n<div class=\"wp-block-cover alignfull mediatext wp-duotone-unset-1\" style=\"min-height:857px;aspect-ratio:unset;\"><span aria-hidden=\"true\" class=\"wp-block-cover__background has-background-dim-90 has-background-dim wp-block-cover__gradient-background has-background-gradient\" style=\"background:linear-gradient(45deg,rgb(41,53,115) 0%,rgb(175,139,187) 48%,rgb(96,160,159) 100%)\"><\/span><img loading=\"lazy\" decoding=\"async\" width=\"2000\" height=\"2111\" class=\"wp-block-cover__image-background wp-image-194\" alt=\"\" src=\"https:\/\/blamark.com\/SILVIA\/wp-content\/uploads\/2024\/06\/logoSILVIA.png\" data-object-fit=\"cover\" srcset=\"https:\/\/fisioterapiadeladona.com\/wp-content\/uploads\/2024\/06\/logoSILVIA.png 2000w, https:\/\/fisioterapiadeladona.com\/wp-content\/uploads\/2024\/06\/logoSILVIA-284x300.png 284w, https:\/\/fisioterapiadeladona.com\/wp-content\/uploads\/2024\/06\/logoSILVIA-970x1024.png 970w, https:\/\/fisioterapiadeladona.com\/wp-content\/uploads\/2024\/06\/logoSILVIA-768x811.png 768w, https:\/\/fisioterapiadeladona.com\/wp-content\/uploads\/2024\/06\/logoSILVIA-1455x1536.png 1455w, https:\/\/fisioterapiadeladona.com\/wp-content\/uploads\/2024\/06\/logoSILVIA-1940x2048.png 1940w\" sizes=\"auto, (max-width: 2000px) 100vw, 2000px\" \/><div class=\"wp-block-cover__inner-container is-layout-constrained wp-block-cover-is-layout-constrained\">\n<div class=\"wp-block-media-text is-stacked-on-mobile\"><figure class=\"wp-block-media-text__media\"><img loading=\"lazy\" decoding=\"async\" width=\"683\" height=\"1024\" src=\"https:\/\/blamark.com\/SILVIA\/wp-content\/uploads\/2024\/06\/Espai_Ale__021-683x1024.jpg\" alt=\"\" class=\"wp-image-53 size-full\" srcset=\"https:\/\/fisioterapiadeladona.com\/wp-content\/uploads\/2024\/06\/Espai_Ale__021-683x1024.jpg 683w, https:\/\/fisioterapiadeladona.com\/wp-content\/uploads\/2024\/06\/Espai_Ale__021-200x300.jpg 200w, https:\/\/fisioterapiadeladona.com\/wp-content\/uploads\/2024\/06\/Espai_Ale__021-768x1152.jpg 768w, https:\/\/fisioterapiadeladona.com\/wp-content\/uploads\/2024\/06\/Espai_Ale__021-1024x1536.jpg 1024w, https:\/\/fisioterapiadeladona.com\/wp-content\/uploads\/2024\/06\/Espai_Ale__021-1365x2048.jpg 1365w, https:\/\/fisioterapiadeladona.com\/wp-content\/uploads\/2024\/06\/Espai_Ale__021.jpg 1628w\" sizes=\"auto, (max-width: 683px) 100vw, 683px\" \/><\/figure><div class=\"wp-block-media-text__content\">\n<h1 class=\"wp-block-heading\"><strong>Acompa\u00f1amiento en cada etapa vital de la mujer<\/strong><\/h1>\n\n\n\n<hr class=\"wp-block-separator has-alpha-channel-opacity\">\n\n\n\n<p>Motivada para el trabajo con los ni\u00f1os, empec\u00e9 a estudiar fisioterapia para poder realizar masaje infantil, pero descubr\u00ed todo un mundo en relaci\u00f3n con la salud de la mujer, el ni\u00f1o y los tratamientos de fisioterapia basados \u200b\u200ben la globalidad.<\/p>\n\n\n\n<p>Despu\u00e9s de completar mi formaci\u00f3n inicial, me especialic\u00e9 en inducci\u00f3n miofascial en la Universidad Ramon Llull y en uroginecolog\u00eda en la Universidad de Barcelona. Tambi\u00e9n obtuve la certificaci\u00f3n como Educadora de Masaje Infantil y en cuentos sobre la piel por la Asociaci\u00f3n Espa\u00f1ola de Masaje Infantil (AEMI).<\/p>\n\n\n\n<p>M\u00e1s tarde, ampli\u00e9 mis conocimientos en Psiconeuroinmunolog\u00eda Cl\u00ednica, una disciplina que me permite abordar la salud desde una perspectiva integral, teniendo en cuenta la interacci\u00f3n entre la mente, el sistema nervioso, el sistema inmune y el sistema endocrino. Este enfoque me ha permitido acompa\u00f1ar a las mujeres en las distintas etapas de su vida con una visi\u00f3n hol\u00edstica y personalizada.<\/p>\n\n\n\n<p>En 2016, viv\u00ed una experiencia transformadora al convertirme en madre. Mi primer parto fue hospitalario y medicalizado, pero la experiencia del posparto fue dif\u00edcil. Esta situaci\u00f3n me llev\u00f3 a profundizar en mi formaci\u00f3n ya prepararme mejor para mi segunda maternidad, que fue un parto en casa en 2023. Este contraste me proporcion\u00f3 una perspectiva \u00fanica y muchas herramientas para acompa\u00f1ar a otras mujeres durante sus embarazos y pospartos desde una visi\u00f3n m\u00e1s cercana y emp\u00e1tica.<\/p>\n\n\n\n<p>Con m\u00e1s de 16 a\u00f1os de experiencia profesional, he continuado form\u00e1ndome en diversas \u00e1reas para garantizar la mejor atenci\u00f3n posible. He estudiado anatom\u00eda para el movimiento con Nuria Vives y Blandine Calais-Germain, incluyendo formaci\u00f3n en abdominales sin riesgo, cin\u00e9tica respiratoria, espalda y tratamientos espec\u00edficos para prolapsos.<\/p>\n\n\n\n<p>Gracias a la experiencia y formaci\u00f3n recibida, trabajo desde una perspectiva global para garantizar la mejor atenci\u00f3n posible. Ofrezco tratamientos \u00fanicos y personalizados que reflejan mi compromiso con la salud y el bienestar de la mujer en cada etapa de su vida.<\/p>\n<\/div><\/div>\n<\/div><\/div>\n\n\n\n<div class=\"wp-block-cover alignfull is-light coberta wp-duotone-unset-2\" style=\"min-height:50px;aspect-ratio:unset;\"><span aria-hidden=\"true\" class=\"wp-block-cover__background has-cyan-bluish-gray-background-color has-background-dim-0 has-background-dim\"><\/span><div class=\"wp-block-cover__inner-container is-layout-constrained wp-block-cover-is-layout-constrained\">\n<div class=\"wp-block-cover alignwide is-light\" style=\"min-height:50px;aspect-ratio:unset;\"><span aria-hidden=\"true\" class=\"wp-block-cover__background has-white-background-color has-background-dim-0 has-background-dim\"><\/span><div class=\"wp-block-cover__inner-container is-layout-constrained wp-block-cover-is-layout-constrained\">\n<div class=\"wp-block-columns are-vertically-aligned-top is-layout-flex wp-container-core-columns-is-layout-9d6595d7 wp-block-columns-is-layout-flex\">\n<div class=\"wp-block-column is-vertically-aligned-top is-layout-flow wp-block-column-is-layout-flow\"><\/div>\n<\/div>\n\n\n\n<div class=\"wp-block-media-text is-stacked-on-mobile\" style=\"grid-template-columns:35% auto\"><figure class=\"wp-block-media-text__media\"><img loading=\"lazy\" decoding=\"async\" width=\"1024\" height=\"983\" src=\"https:\/\/blamark.com\/SILVIA\/wp-content\/uploads\/2024\/06\/Logo-sin-fondo-1024x983.jpg\" alt=\"\" class=\"wp-image-58 size-full\" srcset=\"https:\/\/fisioterapiadeladona.com\/wp-content\/uploads\/2024\/06\/Logo-sin-fondo-1024x983.jpg 1024w, https:\/\/fisioterapiadeladona.com\/wp-content\/uploads\/2024\/06\/Logo-sin-fondo-300x288.jpg 300w, https:\/\/fisioterapiadeladona.com\/wp-content\/uploads\/2024\/06\/Logo-sin-fondo-768x737.jpg 768w, https:\/\/fisioterapiadeladona.com\/wp-content\/uploads\/2024\/06\/Logo-sin-fondo.jpg 1230w\" sizes=\"auto, (max-width: 1024px) 100vw, 1024px\" \/><\/figure><div class=\"wp-block-media-text__content\">\n<h1 class=\"wp-block-heading\"><img loading=\"lazy\" decoding=\"async\" width=\"40\" height=\"42\" class=\"wp-image-194\" style=\"width: 40px;\" src=\"https:\/\/blamark.com\/SILVIA\/wp-content\/uploads\/2024\/06\/logoSILVIA.png\" alt=\"\" srcset=\"https:\/\/fisioterapiadeladona.com\/wp-content\/uploads\/2024\/06\/logoSILVIA.png 2000w, https:\/\/fisioterapiadeladona.com\/wp-content\/uploads\/2024\/06\/logoSILVIA-284x300.png 284w, https:\/\/fisioterapiadeladona.com\/wp-content\/uploads\/2024\/06\/logoSILVIA-970x1024.png 970w, https:\/\/fisioterapiadeladona.com\/wp-content\/uploads\/2024\/06\/logoSILVIA-768x811.png 768w, https:\/\/fisioterapiadeladona.com\/wp-content\/uploads\/2024\/06\/logoSILVIA-1455x1536.png 1455w, https:\/\/fisioterapiadeladona.com\/wp-content\/uploads\/2024\/06\/logoSILVIA-1940x2048.png 1940w\" sizes=\"auto, (max-width: 40px) 100vw, 40px\" \/> <strong>Mi mundo<\/strong><\/h1>\n\n\n\n<hr class=\"wp-block-separator has-alpha-channel-opacity\">\n\n\n\n<p class=\"has-text-align-left has-medium-font-size\">es un mundo de descubrimiento constante, siempre hay cosas que aprender. Soy curiosa por naturaleza e intento extraer el m\u00e1ximo provecho de cada experiencia, por eso la formaci\u00f3n es una constante en mi vida.<\/p>\n<\/div><\/div>\n<\/div><\/div>\n<\/div><\/div>\n\n\n\n<div class=\"wp-block-cover alignfull mediatext wp-duotone-unset-3\" style=\"min-height:857px;aspect-ratio:unset;\"><span aria-hidden=\"true\" class=\"wp-block-cover__background has-background-dim-90 has-background-dim wp-block-cover__gradient-background has-background-gradient\" style=\"background:linear-gradient(45deg,rgb(41,53,115) 0%,rgb(175,139,187) 48%,rgb(96,160,159) 100%)\"><\/span><img loading=\"lazy\" decoding=\"async\" width=\"2000\" height=\"2111\" class=\"wp-block-cover__image-background wp-image-194\" alt=\"\" src=\"https:\/\/blamark.com\/SILVIA\/wp-content\/uploads\/2024\/06\/logoSILVIA.png\" data-object-fit=\"cover\" srcset=\"https:\/\/fisioterapiadeladona.com\/wp-content\/uploads\/2024\/06\/logoSILVIA.png 2000w, https:\/\/fisioterapiadeladona.com\/wp-content\/uploads\/2024\/06\/logoSILVIA-284x300.png 284w, https:\/\/fisioterapiadeladona.com\/wp-content\/uploads\/2024\/06\/logoSILVIA-970x1024.png 970w, https:\/\/fisioterapiadeladona.com\/wp-content\/uploads\/2024\/06\/logoSILVIA-768x811.png 768w, https:\/\/fisioterapiadeladona.com\/wp-content\/uploads\/2024\/06\/logoSILVIA-1455x1536.png 1455w, https:\/\/fisioterapiadeladona.com\/wp-content\/uploads\/2024\/06\/logoSILVIA-1940x2048.png 1940w\" sizes=\"auto, (max-width: 2000px) 100vw, 2000px\" \/><div class=\"wp-block-cover__inner-container is-layout-constrained wp-block-cover-is-layout-constrained\">\n<div class=\"wp-block-media-text is-stacked-on-mobile\"><figure class=\"wp-block-media-text__media\"><img loading=\"lazy\" decoding=\"async\" width=\"683\" height=\"1024\" src=\"https:\/\/blamark.com\/SILVIA\/wp-content\/uploads\/2024\/06\/Espai_Ale__022-683x1024.jpg\" alt=\"\" class=\"wp-image-54 size-full\" srcset=\"https:\/\/fisioterapiadeladona.com\/wp-content\/uploads\/2024\/06\/Espai_Ale__022-683x1024.jpg 683w, https:\/\/fisioterapiadeladona.com\/wp-content\/uploads\/2024\/06\/Espai_Ale__022-200x300.jpg 200w, https:\/\/fisioterapiadeladona.com\/wp-content\/uploads\/2024\/06\/Espai_Ale__022-768x1152.jpg 768w, https:\/\/fisioterapiadeladona.com\/wp-content\/uploads\/2024\/06\/Espai_Ale__022-1024x1536.jpg 1024w, https:\/\/fisioterapiadeladona.com\/wp-content\/uploads\/2024\/06\/Espai_Ale__022-1365x2048.jpg 1365w, https:\/\/fisioterapiadeladona.com\/wp-content\/uploads\/2024\/06\/Espai_Ale__022-scaled.jpg 1707w\" sizes=\"auto, (max-width: 683px) 100vw, 683px\" \/><\/figure><div class=\"wp-block-media-text__content\">\n<h1 class=\"wp-block-heading\"><strong><img loading=\"lazy\" decoding=\"async\" width=\"40\" height=\"42\" class=\"wp-image-194\" style=\"width: 40px;\" src=\"https:\/\/blamark.com\/SILVIA\/wp-content\/uploads\/2024\/06\/logoSILVIA.png\" alt=\"\" srcset=\"https:\/\/fisioterapiadeladona.com\/wp-content\/uploads\/2024\/06\/logoSILVIA.png 2000w, https:\/\/fisioterapiadeladona.com\/wp-content\/uploads\/2024\/06\/logoSILVIA-284x300.png 284w, https:\/\/fisioterapiadeladona.com\/wp-content\/uploads\/2024\/06\/logoSILVIA-970x1024.png 970w, https:\/\/fisioterapiadeladona.com\/wp-content\/uploads\/2024\/06\/logoSILVIA-768x811.png 768w, https:\/\/fisioterapiadeladona.com\/wp-content\/uploads\/2024\/06\/logoSILVIA-1455x1536.png 1455w, https:\/\/fisioterapiadeladona.com\/wp-content\/uploads\/2024\/06\/logoSILVIA-1940x2048.png 1940w\" sizes=\"auto, (max-width: 40px) 100vw, 40px\" \/><strong>Formaci\u00f3n y experiencia profesional:<\/strong><\/strong><\/h1>\n\n\n\n<hr class=\"wp-block-separator has-alpha-channel-opacity\">\n\n\n\n<ul class=\"wp-block-list\">\n<li>Graduada en Fisioterapia.<\/li>\n\n\n\n<li>Especializaci\u00f3n en Inducci\u00f3n Miofascial &#8211; Universidad Ramon Llull.<\/li>\n\n\n\n<li>Especializaci\u00f3n en Uro-Ginecolog\u00eda &#8211; Universidad de Barcelona.<\/li>\n\n\n\n<li>Educadora de Masaje Infantil &#8211; Asociaci\u00f3n Espa\u00f1ola de Masaje Infantil.<\/li>\n\n\n\n<li>Formaci\u00f3n en Psiconeuroinmunolog\u00eda Cl\u00ednica.<\/li>\n\n\n\n<li>Cursos de anatom\u00eda para el movimiento, abdominales sin riesgo, cin\u00e9tica respiratoria, y tratamientos para prolapsos.<\/li>\n<\/ul>\n\n\n\n<blockquote class=\"wp-block-quote has-text-align-left is-style-default has-white-color has-text-color has-link-color has-medium-font-size wp-elements-02f3589ac3e7ecc6b8e989368087b9c0 is-layout-flow wp-block-quote-is-layout-flow\">\n<p class=\"has-white-color has-text-color has-link-color wp-elements-cd84a099c5be918d67106d6c183f3c93\" style=\"font-size:20px\">Gracias por confiar en m\u00ed por acompa\u00f1arte en tu camino hacia la salud y el bienestar.<\/p>\n<cite>Silvia Alonso<\/cite><\/blockquote>\n<\/div><\/div>\n<\/div><\/div>\n\n\n\n<div class=\"wp-block-cover alignfull is-light coberta wp-duotone-unset-4\"><span aria-hidden=\"true\" class=\"wp-block-cover__background has-cyan-bluish-gray-background-color has-background-dim-0 has-background-dim\"><\/span><div class=\"wp-block-cover__inner-container is-layout-constrained wp-block-cover-is-layout-constrained\">\n<div class=\"wp-block-cover alignwide is-light\"><span aria-hidden=\"true\" class=\"wp-block-cover__background has-white-background-color has-background-dim-0 has-background-dim\"><\/span><div class=\"wp-block-cover__inner-container is-layout-constrained wp-block-cover-is-layout-constrained\">\n<div class=\"wp-block-columns are-vertically-aligned-center is-layout-flex wp-container-core-columns-is-layout-9d6595d7 wp-block-columns-is-layout-flex\">\n<div class=\"wp-block-column is-vertically-aligned-center is-layout-flow wp-block-column-is-layout-flow\">\n<h1 class=\"wp-block-heading\"><img loading=\"lazy\" decoding=\"async\" width=\"40\" height=\"42\" class=\"wp-image-194\" style=\"width: 40px;\" src=\"https:\/\/blamark.com\/SILVIA\/wp-content\/uploads\/2024\/06\/logoSILVIA.png\" alt=\"\" srcset=\"https:\/\/fisioterapiadeladona.com\/wp-content\/uploads\/2024\/06\/logoSILVIA.png 2000w, https:\/\/fisioterapiadeladona.com\/wp-content\/uploads\/2024\/06\/logoSILVIA-284x300.png 284w, https:\/\/fisioterapiadeladona.com\/wp-content\/uploads\/2024\/06\/logoSILVIA-970x1024.png 970w, https:\/\/fisioterapiadeladona.com\/wp-content\/uploads\/2024\/06\/logoSILVIA-768x811.png 768w, https:\/\/fisioterapiadeladona.com\/wp-content\/uploads\/2024\/06\/logoSILVIA-1455x1536.png 1455w, https:\/\/fisioterapiadeladona.com\/wp-content\/uploads\/2024\/06\/logoSILVIA-1940x2048.png 1940w\" sizes=\"auto, (max-width: 40px) 100vw, 40px\" \/> <strong>Cont\u00e1ctame<\/strong><\/h1>\n\n\n\n<hr class=\"wp-block-separator has-alpha-channel-opacity\">\n\n\n\n<figure class=\"wp-block-image size-large\"><img loading=\"lazy\" decoding=\"async\" width=\"1024\" height=\"683\" src=\"https:\/\/blamark.com\/SILVIA\/wp-content\/uploads\/2024\/06\/sobre-mi-1024x683.jpg\" alt=\"\" class=\"wp-image-59\" srcset=\"https:\/\/fisioterapiadeladona.com\/wp-content\/uploads\/2024\/06\/sobre-mi-1024x683.jpg 1024w, https:\/\/fisioterapiadeladona.com\/wp-content\/uploads\/2024\/06\/sobre-mi-300x200.jpg 300w, https:\/\/fisioterapiadeladona.com\/wp-content\/uploads\/2024\/06\/sobre-mi-768x512.jpg 768w, https:\/\/fisioterapiadeladona.com\/wp-content\/uploads\/2024\/06\/sobre-mi-1536x1024.jpg 1536w, https:\/\/fisioterapiadeladona.com\/wp-content\/uploads\/2024\/06\/sobre-mi-2048x1365.jpg 2048w\" sizes=\"auto, (max-width: 1024px) 100vw, 1024px\" \/><\/figure>\n\n\n\n<p>Estamos aqu\u00ed para ayudarle. Si tienes alguna pregunta o quieres programar una consulta, no dudes en ponerte en contacto con nosotros a trav\u00e9s de las siguientes opciones:<\/p>\n\n\n\n<p><strong>Direcci\u00f3n de la Consulta:<\/strong> Silvia Alonso &#8211; Matternitas<br> C\/ Aribau 25, entresuelo 3, 08011 Barcelona<\/p>\n\n\n\n<p><strong>Tel\u00e9fono:<\/strong> <a href=\"tel:34699692842\">699 692 842<\/a><br> <strong>Email:<\/strong> <a href=\"mailto:silvianimfa@gmail.com\">silvianimfa@gmail.com<\/a><br> <strong>WhatsApp:<\/strong> <a href=\"https:\/\/wa.me\/34699692842\">Env\u00eda un mensaje<\/a><\/p>\n<\/div>\n\n\n\n<div class=\"wp-block-column is-vertically-aligned-center is-layout-flow wp-block-column-is-layout-flow\">\n<h2 class=\"wp-block-heading\"><strong>Formulario de Contacto:<\/strong> <\/h2>\n\n\n\n<p>Rellena el siguiente formulario y nos pondremos en contacto contigo lo antes posible.<\/p>\n\n\n\n<div class=\"wpcf7 no-js\" id=\"wpcf7-f531-o1\" lang=\"es-ES\" dir=\"ltr\" data-wpcf7-id=\"531\">\n<div class=\"screen-reader-response\"><p role=\"status\" aria-live=\"polite\" aria-atomic=\"true\"><\/p> <ul><\/ul><\/div>\n<form action=\"\/es\/wp-json\/wp\/v2\/pages\/521#wpcf7-f531-o1\" method=\"post\" class=\"wpcf7-form init\" aria-label=\"Formulario de contacto\" novalidate=\"novalidate\" data-status=\"init\">\n<fieldset class=\"hidden-fields-container\"><input type=\"hidden\" name=\"_wpcf7\" value=\"531\" \/><input type=\"hidden\" name=\"_wpcf7_version\" value=\"6.1.5\" \/><input type=\"hidden\" name=\"_wpcf7_locale\" value=\"es_ES\" \/><input type=\"hidden\" name=\"_wpcf7_unit_tag\" value=\"wpcf7-f531-o1\" \/><input type=\"hidden\" name=\"_wpcf7_container_post\" value=\"0\" \/><input type=\"hidden\" name=\"_wpcf7_posted_data_hash\" value=\"\" \/>\n<\/fieldset>\n<p><label> Nombre<br \/>\n<span class=\"wpcf7-form-control-wrap\" data-name=\"your-name\"><input size=\"40\" maxlength=\"400\" class=\"wpcf7-form-control wpcf7-text wpcf7-validates-as-required\" autocomplete=\"name\" aria-required=\"true\" aria-invalid=\"false\" value=\"\" type=\"text\" name=\"your-name\" \/><\/span> <\/label>\n<\/p>\n<p><label> Correo electr\u00f3nico<br \/>\n<span class=\"wpcf7-form-control-wrap\" data-name=\"your-email\"><input size=\"40\" maxlength=\"400\" class=\"wpcf7-form-control wpcf7-email wpcf7-validates-as-required wpcf7-text wpcf7-validates-as-email\" autocomplete=\"email\" aria-required=\"true\" aria-invalid=\"false\" value=\"\" type=\"email\" name=\"your-email\" \/><\/span> <\/label>\n<\/p>\n<p><label> Tel\u00e9fono<br \/>\n<span class=\"wpcf7-form-control-wrap\" data-name=\"telefon\"><input size=\"40\" maxlength=\"400\" class=\"wpcf7-form-control wpcf7-tel wpcf7-validates-as-required wpcf7-text wpcf7-validates-as-tel\" aria-required=\"true\" aria-invalid=\"false\" value=\"\" type=\"tel\" name=\"telefon\" \/><\/span> <\/label>\n<\/p>\n<p><label> Asunto<br \/>\n<span class=\"wpcf7-form-control-wrap\" data-name=\"your-subject\"><input size=\"40\" maxlength=\"400\" class=\"wpcf7-form-control wpcf7-text wpcf7-validates-as-required\" aria-required=\"true\" aria-invalid=\"false\" value=\"\" type=\"text\" name=\"your-subject\" \/><\/span> <\/label>\n<\/p>\n<p><label> El mensaje (opcional)<br \/>\n<span class=\"wpcf7-form-control-wrap\" data-name=\"your-message\"><textarea cols=\"40\" rows=\"10\" maxlength=\"2000\" class=\"wpcf7-form-control wpcf7-textarea\" aria-invalid=\"false\" name=\"your-message\"><\/textarea><\/span> <\/label>\n<\/p>\n<p><span class=\"wpcf7-form-control-wrap\" data-name=\"acceptance-391\"><span class=\"wpcf7-form-control wpcf7-acceptance optional\"><span class=\"wpcf7-list-item\"><input type=\"checkbox\" name=\"acceptance-391\" value=\"1\" aria-invalid=\"false\" \/><\/span><\/span><\/span> He le\u00eddo y acepto las pol\u00edticas de privacidad.\n<\/p>\n<p><input class=\"wpcf7-form-control wpcf7-submit has-spinner\" type=\"submit\" value=\"Env\u00eda\" \/>\n<\/p><div class=\"wpcf7-response-output\" aria-hidden=\"true\"><\/div>\n<\/form>\n<\/div>\n\n<\/div>\n<\/div>\n<\/div><\/div>\n<\/div><\/div>\n","protected":false},"excerpt":{"rendered":"","protected":false},"author":1,"featured_media":0,"parent":0,"menu_order":0,"comment_status":"closed","ping_status":"closed","template":"","meta":{"ocean_post_layout":"","ocean_both_sidebars_style":"","ocean_both_sidebars_content_width":0,"ocean_both_sidebars_sidebars_width":0,"ocean_sidebar":"","ocean_second_sidebar":"","ocean_disable_margins":"enable","ocean_add_body_class":"","ocean_shortcode_before_top_bar":"","ocean_shortcode_after_top_bar":"","ocean_shortcode_before_header":"","ocean_shortcode_after_header":"","ocean_has_shortcode":"","ocean_shortcode_after_title":"","ocean_shortcode_before_footer_widgets":"","ocean_shortcode_after_footer_widgets":"","ocean_shortcode_before_footer_bottom":"","ocean_shortcode_after_footer_bottom":"","ocean_display_top_bar":"default","ocean_display_header":"default","ocean_header_style":"","ocean_center_header_left_menu":"","ocean_custom_header_template":"","ocean_custom_logo":0,"ocean_custom_retina_logo":0,"ocean_custom_logo_max_width":0,"ocean_custom_logo_tablet_max_width":0,"ocean_custom_logo_mobile_max_width":0,"ocean_custom_logo_max_height":0,"ocean_custom_logo_tablet_max_height":0,"ocean_custom_logo_mobile_max_height":0,"ocean_header_custom_menu":"","ocean_menu_typo_font_family":"","ocean_menu_typo_font_subset":"","ocean_menu_typo_font_size":0,"ocean_menu_typo_font_size_tablet":0,"ocean_menu_typo_font_size_mobile":0,"ocean_menu_typo_font_size_unit":"px","ocean_menu_typo_font_weight":"","ocean_menu_typo_font_weight_tablet":"","ocean_menu_typo_font_weight_mobile":"","ocean_menu_typo_transform":"","ocean_menu_typo_transform_tablet":"","ocean_menu_typo_transform_mobile":"","ocean_menu_typo_line_height":0,"ocean_menu_typo_line_height_tablet":0,"ocean_menu_typo_line_height_mobile":0,"ocean_menu_typo_line_height_unit":"","ocean_menu_typo_spacing":0,"ocean_menu_typo_spacing_tablet":0,"ocean_menu_typo_spacing_mobile":0,"ocean_menu_typo_spacing_unit":"","ocean_menu_link_color":"","ocean_menu_link_color_hover":"","ocean_menu_link_color_active":"","ocean_menu_link_background":"","ocean_menu_link_hover_background":"","ocean_menu_link_active_background":"","ocean_menu_social_links_bg":"","ocean_menu_social_hover_links_bg":"","ocean_menu_social_links_color":"","ocean_menu_social_hover_links_color":"","ocean_disable_title":"default","ocean_disable_heading":"default","ocean_post_title":"","ocean_post_subheading":"","ocean_post_title_style":"","ocean_post_title_background_color":"","ocean_post_title_background":0,"ocean_post_title_bg_image_position":"","ocean_post_title_bg_image_attachment":"","ocean_post_title_bg_image_repeat":"","ocean_post_title_bg_image_size":"","ocean_post_title_height":0,"ocean_post_title_bg_overlay":0.5,"ocean_post_title_bg_overlay_color":"","ocean_disable_breadcrumbs":"default","ocean_breadcrumbs_color":"","ocean_breadcrumbs_separator_color":"","ocean_breadcrumbs_links_color":"","ocean_breadcrumbs_links_hover_color":"","ocean_display_footer_widgets":"default","ocean_display_footer_bottom":"default","ocean_custom_footer_template":"","footnotes":""},"class_list":["post-521","page","type-page","status-publish","hentry","entry"],"_links":{"self":[{"href":"https:\/\/fisioterapiadeladona.com\/es\/wp-json\/wp\/v2\/pages\/521","targetHints":{"allow":["GET"]}}],"collection":[{"href":"https:\/\/fisioterapiadeladona.com\/es\/wp-json\/wp\/v2\/pages"}],"about":[{"href":"https:\/\/fisioterapiadeladona.com\/es\/wp-json\/wp\/v2\/types\/page"}],"author":[{"embeddable":true,"href":"https:\/\/fisioterapiadeladona.com\/es\/wp-json\/wp\/v2\/users\/1"}],"replies":[{"embeddable":true,"href":"https:\/\/fisioterapiadeladona.com\/es\/wp-json\/wp\/v2\/comments?post=521"}],"version-history":[{"count":2,"href":"https:\/\/fisioterapiadeladona.com\/es\/wp-json\/wp\/v2\/pages\/521\/revisions"}],"predecessor-version":[{"id":585,"href":"https:\/\/fisioterapiadeladona.com\/es\/wp-json\/wp\/v2\/pages\/521\/revisions\/585"}],"wp:attachment":[{"href":"https:\/\/fisioterapiadeladona.com\/es\/wp-json\/wp\/v2\/media?parent=521"}],"curies":[{"name":"wp","href":"https:\/\/api.w.org\/{rel}","templated":true}]}}