{"id":526,"date":"2024-06-28T13:06:42","date_gmt":"2024-06-28T11:06:42","guid":{"rendered":"https:\/\/fisioterapiadeladona.com\/cursos\/"},"modified":"2025-10-02T10:04:47","modified_gmt":"2025-10-02T08:04:47","slug":"cursos","status":"publish","type":"page","link":"https:\/\/fisioterapiadeladona.com\/es\/cursos\/","title":{"rendered":"Cursos"},"content":{"rendered":"\n<div class=\"wp-block-cover alignfull is-light hero\" style=\"min-height:100vh;aspect-ratio:unset;\"><img loading=\"lazy\" decoding=\"async\" width=\"1200\" height=\"1600\" class=\"wp-block-cover__image-background wp-image-550\" alt=\"\" src=\"https:\/\/fisioterapiadeladona.com\/wp-content\/uploads\/2024\/07\/WhatsApp-Image-2024-07-05-at-11.52.14-1.jpeg\" style=\"object-position:53% 30%\" data-object-fit=\"cover\" data-object-position=\"53% 30%\" srcset=\"https:\/\/fisioterapiadeladona.com\/wp-content\/uploads\/2024\/07\/WhatsApp-Image-2024-07-05-at-11.52.14-1.jpeg 1200w, https:\/\/fisioterapiadeladona.com\/wp-content\/uploads\/2024\/07\/WhatsApp-Image-2024-07-05-at-11.52.14-1-225x300.jpeg 225w, https:\/\/fisioterapiadeladona.com\/wp-content\/uploads\/2024\/07\/WhatsApp-Image-2024-07-05-at-11.52.14-1-768x1024.jpeg 768w, https:\/\/fisioterapiadeladona.com\/wp-content\/uploads\/2024\/07\/WhatsApp-Image-2024-07-05-at-11.52.14-1-1152x1536.jpeg 1152w\" sizes=\"auto, (max-width: 1200px) 100vw, 1200px\" \/><span aria-hidden=\"true\" class=\"wp-block-cover__background has-white-background-color has-background-dim-0 has-background-dim\"><\/span><div class=\"wp-block-cover__inner-container is-layout-constrained wp-block-cover-is-layout-constrained\">\n<div class=\"wp-block-columns is-layout-flex wp-container-core-columns-is-layout-9d6595d7 wp-block-columns-is-layout-flex\">\n<div class=\"wp-block-column is-layout-flow wp-block-column-is-layout-flow\">\n<h1 class=\"wp-block-heading o-typing-delay-100ms o-typing-fast has-white-color has-text-color has-link-color has-x-large-font-size wp-elements-03aca2ed73f5752b165af9eebf16a235\"><strong><o-anim-typing>Cursos<\/o-anim-typing><\/strong><\/h1>\n\n\n\n<hr class=\"wp-block-separator has-alpha-channel-opacity\">\n\n\n\n<h2 class=\"wp-block-heading has-white-color has-text-color has-link-color wp-elements-398e0102a51789545489b0256f422821\"><strong>Ofrezco una amplia variedad de cursos tanto presenciales como online<\/strong> .<\/h2>\n<\/div>\n\n\n\n<div class=\"wp-block-column is-layout-flow wp-block-column-is-layout-flow\"><\/div>\n<\/div>\n<\/div><\/div>\n\n\n\n<div class=\"wp-block-cover alignfull mediatext wp-duotone-unset-1\" style=\"min-height:857px;aspect-ratio:unset;\"><img loading=\"lazy\" decoding=\"async\" width=\"2000\" height=\"2111\" class=\"wp-block-cover__image-background wp-image-194\" alt=\"\" src=\"https:\/\/blamark.com\/SILVIA\/wp-content\/uploads\/2024\/06\/logoSILVIA.png\" data-object-fit=\"cover\" srcset=\"https:\/\/fisioterapiadeladona.com\/wp-content\/uploads\/2024\/06\/logoSILVIA.png 2000w, https:\/\/fisioterapiadeladona.com\/wp-content\/uploads\/2024\/06\/logoSILVIA-284x300.png 284w, https:\/\/fisioterapiadeladona.com\/wp-content\/uploads\/2024\/06\/logoSILVIA-970x1024.png 970w, https:\/\/fisioterapiadeladona.com\/wp-content\/uploads\/2024\/06\/logoSILVIA-768x811.png 768w, https:\/\/fisioterapiadeladona.com\/wp-content\/uploads\/2024\/06\/logoSILVIA-1455x1536.png 1455w, https:\/\/fisioterapiadeladona.com\/wp-content\/uploads\/2024\/06\/logoSILVIA-1940x2048.png 1940w\" sizes=\"auto, (max-width: 2000px) 100vw, 2000px\" \/><span aria-hidden=\"true\" class=\"wp-block-cover__background has-background-dim-90 has-background-dim wp-block-cover__gradient-background has-background-gradient\" style=\"background:linear-gradient(45deg,rgb(41,53,115) 0%,rgb(175,139,187) 48%,rgb(96,160,159) 100%)\"><\/span><div class=\"wp-block-cover__inner-container is-layout-constrained wp-block-cover-is-layout-constrained\">\n<h1 class=\"wp-block-heading\"><img loading=\"lazy\" decoding=\"async\" width=\"40\" height=\"42\" class=\"wp-image-194\" style=\"width: 40px;\" src=\"https:\/\/blamark.com\/SILVIA\/wp-content\/uploads\/2024\/06\/logoSILVIA.png\" alt=\"\" srcset=\"https:\/\/fisioterapiadeladona.com\/wp-content\/uploads\/2024\/06\/logoSILVIA.png 2000w, https:\/\/fisioterapiadeladona.com\/wp-content\/uploads\/2024\/06\/logoSILVIA-284x300.png 284w, https:\/\/fisioterapiadeladona.com\/wp-content\/uploads\/2024\/06\/logoSILVIA-970x1024.png 970w, https:\/\/fisioterapiadeladona.com\/wp-content\/uploads\/2024\/06\/logoSILVIA-768x811.png 768w, https:\/\/fisioterapiadeladona.com\/wp-content\/uploads\/2024\/06\/logoSILVIA-1455x1536.png 1455w, https:\/\/fisioterapiadeladona.com\/wp-content\/uploads\/2024\/06\/logoSILVIA-1940x2048.png 1940w\" sizes=\"auto, (max-width: 40px) 100vw, 40px\" \/> <strong><strong>Cursos Presenciales<\/strong><\/strong><\/h1>\n\n\n\n<hr class=\"wp-block-separator has-alpha-channel-opacity\">\n\n\n\n<div class=\"wp-block-columns is-layout-flex wp-container-core-columns-is-layout-9d6595d7 wp-block-columns-is-layout-flex\">\n<div class=\"wp-block-column is-layout-flow wp-block-column-is-layout-flow\" style=\"flex-basis:50%\">\n<h2 class=\"wp-block-heading has-black-color has-text-color has-link-color wp-elements-c7798585f02dd32670f6e8d5b189c22d\"><strong>HIPOS y M\u00c1S<\/strong> <\/h2>\n\n\n\n<p>Un curso pensado para ayuntamientos y grupos de mujeres, con sesiones de 4 u 8 semanas donde veremos todo lo que tiene que ver con el suelo p\u00e9lvico. Cada sesi\u00f3n incluye una parte te\u00f3rica y una pr\u00e1ctica. Aprender\u00e1s sobre postura, ejercicios de kegel, productos hidratantes, y m\u00e1s.<\/p>\n<\/div>\n\n\n\n<div class=\"wp-block-column is-layout-flow wp-block-column-is-layout-flow\" style=\"flex-basis:50%\">\n<h2 class=\"wp-block-heading has-black-color has-text-color has-link-color wp-elements-f2f016ef9d70584ebdadaae5d43fbc1a\"><strong>MASAJE INFANTIL<\/strong> <\/h2>\n\n\n\n<p>El curso consta de cinco sesiones semanales de 1,5 horas cada una en grupos reducidos. Aprender\u00e1s t\u00e9cnicas de masaje infantil y aspectos clave del desarrollo y la crianza. Certificado por la Asociaci\u00f3n Espa\u00f1ola de Masaje Infantil.<\/p>\n<\/div>\n<\/div>\n<\/div><\/div>\n\n\n\n<h1 class=\"wp-block-heading\"><img loading=\"lazy\" decoding=\"async\" width=\"40\" height=\"42\" class=\"wp-image-194\" style=\"width: 40px;\" src=\"https:\/\/blamark.com\/SILVIA\/wp-content\/uploads\/2024\/06\/logoSILVIA.png\" alt=\"\" srcset=\"https:\/\/fisioterapiadeladona.com\/wp-content\/uploads\/2024\/06\/logoSILVIA.png 2000w, https:\/\/fisioterapiadeladona.com\/wp-content\/uploads\/2024\/06\/logoSILVIA-284x300.png 284w, https:\/\/fisioterapiadeladona.com\/wp-content\/uploads\/2024\/06\/logoSILVIA-970x1024.png 970w, https:\/\/fisioterapiadeladona.com\/wp-content\/uploads\/2024\/06\/logoSILVIA-768x811.png 768w, https:\/\/fisioterapiadeladona.com\/wp-content\/uploads\/2024\/06\/logoSILVIA-1455x1536.png 1455w, https:\/\/fisioterapiadeladona.com\/wp-content\/uploads\/2024\/06\/logoSILVIA-1940x2048.png 1940w\" sizes=\"auto, (max-width: 40px) 100vw, 40px\" \/> <strong><strong>Cursos online<\/strong><\/strong><\/h1>\n\n\n\n<hr class=\"wp-block-separator has-alpha-channel-opacity\">\n\n\n\n<div class=\"wp-block-cover alignfull is-light coberta wp-duotone-unset-2\"><span aria-hidden=\"true\" class=\"wp-block-cover__background has-cyan-bluish-gray-background-color has-background-dim-0 has-background-dim\"><\/span><div class=\"wp-block-cover__inner-container is-layout-constrained wp-block-cover-is-layout-constrained\">\n<div class=\"wp-block-cover alignwide is-light\"><span aria-hidden=\"true\" class=\"wp-block-cover__background has-white-background-color has-background-dim-0 has-background-dim\"><\/span><div class=\"wp-block-cover__inner-container is-layout-constrained wp-block-cover-is-layout-constrained\">\n<div class=\"wp-block-columns are-vertically-aligned-top is-layout-flex wp-container-core-columns-is-layout-9d6595d7 wp-block-columns-is-layout-flex\">\n<div class=\"wp-block-column is-vertically-aligned-top is-layout-flow wp-block-column-is-layout-flow\">\n<h2 class=\"wp-block-heading\"><strong><strong>Curso Tronco<\/strong><\/strong><\/h2>\n\n\n\n<figure class=\"wp-block-image size-large\"><img loading=\"lazy\" decoding=\"async\" width=\"1024\" height=\"768\" src=\"https:\/\/blamark.com\/SILVIA\/wp-content\/uploads\/2024\/06\/IMG_7979-1024x768.jpg\" alt=\"\" class=\"wp-image-57\" style=\"aspect-ratio:1;object-fit:cover\" srcset=\"https:\/\/fisioterapiadeladona.com\/wp-content\/uploads\/2024\/06\/IMG_7979-1024x768.jpg 1024w, https:\/\/fisioterapiadeladona.com\/wp-content\/uploads\/2024\/06\/IMG_7979-300x225.jpg 300w, https:\/\/fisioterapiadeladona.com\/wp-content\/uploads\/2024\/06\/IMG_7979-768x576.jpg 768w, https:\/\/fisioterapiadeladona.com\/wp-content\/uploads\/2024\/06\/IMG_7979-1536x1152.jpg 1536w, https:\/\/fisioterapiadeladona.com\/wp-content\/uploads\/2024\/06\/IMG_7979.jpg 2016w\" sizes=\"auto, (max-width: 1024px) 100vw, 1024px\" \/><\/figure>\n\n\n\n<p>Realizado en colaboraci\u00f3n con Mireia Grossmann, este curso proporciona una formaci\u00f3n completa sobre la salud del suelo p\u00e9lvico. Incluye m\u00f3dulos sobre incontinencia, prolapso, ejercicios de kegel y otros temas importantes.<\/p>\n\n\n\n<div class=\"wp-block-buttons animated backInLeft is-layout-flex wp-block-buttons-is-layout-flex\">\n<div class=\"wp-block-button\"><a class=\"wp-block-button__link wp-element-button\" href=\"https:\/\/mireiagrossmann.com\/course\/curso-completo-tronco-propiocepcion\/\" style=\"border-radius:0px\">VER CURSO \u2b62<\/a><\/div>\n<\/div>\n<\/div>\n\n\n\n<div class=\"wp-block-column is-vertically-aligned-top is-layout-flow wp-block-column-is-layout-flow\">\n<h2 class=\"wp-block-heading\"><strong>Chispas de Salud<\/strong><\/h2>\n\n\n\n<figure class=\"wp-block-image size-large\"><img loading=\"lazy\" decoding=\"async\" width=\"1024\" height=\"683\" src=\"https:\/\/blamark.com\/SILVIA\/wp-content\/uploads\/2024\/06\/Espai_Ale__011-1024x683.jpg\" alt=\"\" class=\"wp-image-44\" style=\"aspect-ratio:1;object-fit:cover\" srcset=\"https:\/\/fisioterapiadeladona.com\/wp-content\/uploads\/2024\/06\/Espai_Ale__011-1024x683.jpg 1024w, https:\/\/fisioterapiadeladona.com\/wp-content\/uploads\/2024\/06\/Espai_Ale__011-300x200.jpg 300w, https:\/\/fisioterapiadeladona.com\/wp-content\/uploads\/2024\/06\/Espai_Ale__011-768x512.jpg 768w, https:\/\/fisioterapiadeladona.com\/wp-content\/uploads\/2024\/06\/Espai_Ale__011-1536x1024.jpg 1536w, https:\/\/fisioterapiadeladona.com\/wp-content\/uploads\/2024\/06\/Espai_Ale__011-2048x1366.jpg 2048w\" sizes=\"auto, (max-width: 1024px) 100vw, 1024px\" \/><\/figure>\n\n\n\n<p>Una serie de cursos online cortos, tambi\u00e9n realizados con Mireia Grossmann, que tratan temas espec\u00edficos como la incontinencia, el prolapso y otras disfunciones del suelo p\u00e9lvico. Estos cursos ofrecen informaci\u00f3n pr\u00e1ctica y f\u00e1cil de implementar en el d\u00eda a d\u00eda.<\/p>\n\n\n\n<div class=\"wp-block-buttons animated backInLeft is-layout-flex wp-block-buttons-is-layout-flex\">\n<div class=\"wp-block-button\"><a class=\"wp-block-button__link wp-element-button\" href=\"https:\/\/mireiagrossmann.com\/cursos-online\/\" style=\"border-radius:0px\">VER CURSO \u2b62<\/a><\/div>\n<\/div>\n<\/div>\n<\/div>\n<\/div><\/div>\n<\/div><\/div>\n\n\n\n<div class=\"wp-block-cover alignfull is-light coberta wp-duotone-unset-3\"><span aria-hidden=\"true\" class=\"wp-block-cover__background has-cyan-bluish-gray-background-color has-background-dim-10 has-background-dim\"><\/span><div class=\"wp-block-cover__inner-container is-layout-constrained wp-block-cover-is-layout-constrained\">\n<div class=\"wp-block-cover alignwide is-light\"><span aria-hidden=\"true\" class=\"wp-block-cover__background has-white-background-color has-background-dim-0 has-background-dim\"><\/span><div class=\"wp-block-cover__inner-container is-layout-constrained wp-block-cover-is-layout-constrained\">\n<div class=\"wp-block-columns are-vertically-aligned-center is-layout-flex wp-container-core-columns-is-layout-9d6595d7 wp-block-columns-is-layout-flex\">\n<div class=\"wp-block-column is-vertically-aligned-center is-layout-flow wp-block-column-is-layout-flow\">\n<h1 class=\"wp-block-heading\"><img loading=\"lazy\" decoding=\"async\" width=\"40\" height=\"42\" class=\"wp-image-194\" style=\"width: 40px;\" src=\"https:\/\/blamark.com\/SILVIA\/wp-content\/uploads\/2024\/06\/logoSILVIA.png\" alt=\"\" srcset=\"https:\/\/fisioterapiadeladona.com\/wp-content\/uploads\/2024\/06\/logoSILVIA.png 2000w, https:\/\/fisioterapiadeladona.com\/wp-content\/uploads\/2024\/06\/logoSILVIA-284x300.png 284w, https:\/\/fisioterapiadeladona.com\/wp-content\/uploads\/2024\/06\/logoSILVIA-970x1024.png 970w, https:\/\/fisioterapiadeladona.com\/wp-content\/uploads\/2024\/06\/logoSILVIA-768x811.png 768w, https:\/\/fisioterapiadeladona.com\/wp-content\/uploads\/2024\/06\/logoSILVIA-1455x1536.png 1455w, https:\/\/fisioterapiadeladona.com\/wp-content\/uploads\/2024\/06\/logoSILVIA-1940x2048.png 1940w\" sizes=\"auto, (max-width: 40px) 100vw, 40px\" \/> <strong>Cont\u00e1ctame<\/strong><\/h1>\n\n\n\n<hr class=\"wp-block-separator has-alpha-channel-opacity\">\n\n\n\n<figure class=\"wp-block-image size-large\"><img loading=\"lazy\" decoding=\"async\" width=\"1024\" height=\"683\" src=\"https:\/\/blamark.com\/SILVIA\/wp-content\/uploads\/2024\/06\/sobre-mi-1024x683.jpg\" alt=\"\" class=\"wp-image-59\" srcset=\"https:\/\/fisioterapiadeladona.com\/wp-content\/uploads\/2024\/06\/sobre-mi-1024x683.jpg 1024w, https:\/\/fisioterapiadeladona.com\/wp-content\/uploads\/2024\/06\/sobre-mi-300x200.jpg 300w, https:\/\/fisioterapiadeladona.com\/wp-content\/uploads\/2024\/06\/sobre-mi-768x512.jpg 768w, https:\/\/fisioterapiadeladona.com\/wp-content\/uploads\/2024\/06\/sobre-mi-1536x1024.jpg 1536w, https:\/\/fisioterapiadeladona.com\/wp-content\/uploads\/2024\/06\/sobre-mi-2048x1365.jpg 2048w\" sizes=\"auto, (max-width: 1024px) 100vw, 1024px\" \/><\/figure>\n\n\n\n<p>Estamos aqu\u00ed para ayudarle. Si tienes alguna pregunta o quieres programar una consulta, no dudes en ponerte en contacto con nosotros a trav\u00e9s de las siguientes opciones:<\/p>\n\n\n\n<p><strong>Direcci\u00f3n de la Consulta:<\/strong> Silvia Alonso &#8211; Matternitas<br> C\/ Aribau 25, entresuelo 3, 08011 Barcelona<\/p>\n\n\n\n<p><strong>Tel\u00e9fono:<\/strong> <a href=\"tel:34699692842\">699 692 842<\/a><br> <strong>Email:<\/strong> <a href=\"mailto:silvianimfa@gmail.com\">silvianimfa@gmail.com<\/a><br> <strong>WhatsApp:<\/strong> <a href=\"https:\/\/wa.me\/34699692842\">Env\u00eda un mensaje<\/a><\/p>\n<\/div>\n\n\n\n<div class=\"wp-block-column is-vertically-aligned-center is-layout-flow wp-block-column-is-layout-flow\">\n<h2 class=\"wp-block-heading\"><strong>Formulario de Contacto:<\/strong> <\/h2>\n\n\n\n<p>Rellena el siguiente formulario y nos pondremos en contacto contigo lo antes posible.<\/p>\n\n\n\n<div class=\"wpcf7 no-js\" id=\"wpcf7-f531-o1\" lang=\"es-ES\" dir=\"ltr\" data-wpcf7-id=\"531\">\n<div class=\"screen-reader-response\"><p role=\"status\" aria-live=\"polite\" aria-atomic=\"true\"><\/p> <ul><\/ul><\/div>\n<form action=\"\/es\/wp-json\/wp\/v2\/pages\/526#wpcf7-f531-o1\" method=\"post\" class=\"wpcf7-form init\" aria-label=\"Formulario de contacto\" novalidate=\"novalidate\" data-status=\"init\">\n<fieldset class=\"hidden-fields-container\"><input type=\"hidden\" name=\"_wpcf7\" value=\"531\" \/><input type=\"hidden\" name=\"_wpcf7_version\" value=\"6.1.5\" \/><input type=\"hidden\" name=\"_wpcf7_locale\" value=\"es_ES\" \/><input type=\"hidden\" name=\"_wpcf7_unit_tag\" value=\"wpcf7-f531-o1\" \/><input type=\"hidden\" name=\"_wpcf7_container_post\" value=\"0\" \/><input type=\"hidden\" name=\"_wpcf7_posted_data_hash\" value=\"\" \/>\n<\/fieldset>\n<p><label> Nombre<br \/>\n<span class=\"wpcf7-form-control-wrap\" data-name=\"your-name\"><input size=\"40\" maxlength=\"400\" class=\"wpcf7-form-control wpcf7-text wpcf7-validates-as-required\" autocomplete=\"name\" aria-required=\"true\" aria-invalid=\"false\" value=\"\" type=\"text\" name=\"your-name\" \/><\/span> <\/label>\n<\/p>\n<p><label> Correo electr\u00f3nico<br \/>\n<span class=\"wpcf7-form-control-wrap\" data-name=\"your-email\"><input size=\"40\" maxlength=\"400\" class=\"wpcf7-form-control wpcf7-email wpcf7-validates-as-required wpcf7-text wpcf7-validates-as-email\" autocomplete=\"email\" aria-required=\"true\" aria-invalid=\"false\" value=\"\" type=\"email\" name=\"your-email\" \/><\/span> <\/label>\n<\/p>\n<p><label> Tel\u00e9fono<br \/>\n<span class=\"wpcf7-form-control-wrap\" data-name=\"telefon\"><input size=\"40\" maxlength=\"400\" class=\"wpcf7-form-control wpcf7-tel wpcf7-validates-as-required wpcf7-text wpcf7-validates-as-tel\" aria-required=\"true\" aria-invalid=\"false\" value=\"\" type=\"tel\" name=\"telefon\" \/><\/span> <\/label>\n<\/p>\n<p><label> Asunto<br \/>\n<span class=\"wpcf7-form-control-wrap\" data-name=\"your-subject\"><input size=\"40\" maxlength=\"400\" class=\"wpcf7-form-control wpcf7-text wpcf7-validates-as-required\" aria-required=\"true\" aria-invalid=\"false\" value=\"\" type=\"text\" name=\"your-subject\" \/><\/span> <\/label>\n<\/p>\n<p><label> El mensaje (opcional)<br \/>\n<span class=\"wpcf7-form-control-wrap\" data-name=\"your-message\"><textarea cols=\"40\" rows=\"10\" maxlength=\"2000\" class=\"wpcf7-form-control wpcf7-textarea\" aria-invalid=\"false\" name=\"your-message\"><\/textarea><\/span> <\/label>\n<\/p>\n<p><span class=\"wpcf7-form-control-wrap\" data-name=\"acceptance-391\"><span class=\"wpcf7-form-control wpcf7-acceptance optional\"><span class=\"wpcf7-list-item\"><input type=\"checkbox\" name=\"acceptance-391\" value=\"1\" aria-invalid=\"false\" \/><\/span><\/span><\/span> He le\u00eddo y acepto las pol\u00edticas de privacidad.\n<\/p>\n<p><input class=\"wpcf7-form-control wpcf7-submit has-spinner\" type=\"submit\" value=\"Env\u00eda\" \/>\n<\/p><div class=\"wpcf7-response-output\" aria-hidden=\"true\"><\/div>\n<\/form>\n<\/div>\n\n<\/div>\n<\/div>\n<\/div><\/div>\n<\/div><\/div>\n","protected":false},"excerpt":{"rendered":"<p>Cursos online<\/p>\n","protected":false},"author":1,"featured_media":0,"parent":0,"menu_order":0,"comment_status":"closed","ping_status":"closed","template":"","meta":{"ocean_post_layout":"","ocean_both_sidebars_style":"","ocean_both_sidebars_content_width":0,"ocean_both_sidebars_sidebars_width":0,"ocean_sidebar":"","ocean_second_sidebar":"","ocean_disable_margins":"enable","ocean_add_body_class":"","ocean_shortcode_before_top_bar":"","ocean_shortcode_after_top_bar":"","ocean_shortcode_before_header":"","ocean_shortcode_after_header":"","ocean_has_shortcode":"","ocean_shortcode_after_title":"","ocean_shortcode_before_footer_widgets":"","ocean_shortcode_after_footer_widgets":"","ocean_shortcode_before_footer_bottom":"","ocean_shortcode_after_footer_bottom":"","ocean_display_top_bar":"default","ocean_display_header":"default","ocean_header_style":"","ocean_center_header_left_menu":"","ocean_custom_header_template":"","ocean_custom_logo":0,"ocean_custom_retina_logo":0,"ocean_custom_logo_max_width":0,"ocean_custom_logo_tablet_max_width":0,"ocean_custom_logo_mobile_max_width":0,"ocean_custom_logo_max_height":0,"ocean_custom_logo_tablet_max_height":0,"ocean_custom_logo_mobile_max_height":0,"ocean_header_custom_menu":"","ocean_menu_typo_font_family":"","ocean_menu_typo_font_subset":"","ocean_menu_typo_font_size":0,"ocean_menu_typo_font_size_tablet":0,"ocean_menu_typo_font_size_mobile":0,"ocean_menu_typo_font_size_unit":"px","ocean_menu_typo_font_weight":"","ocean_menu_typo_font_weight_tablet":"","ocean_menu_typo_font_weight_mobile":"","ocean_menu_typo_transform":"","ocean_menu_typo_transform_tablet":"","ocean_menu_typo_transform_mobile":"","ocean_menu_typo_line_height":0,"ocean_menu_typo_line_height_tablet":0,"ocean_menu_typo_line_height_mobile":0,"ocean_menu_typo_line_height_unit":"","ocean_menu_typo_spacing":0,"ocean_menu_typo_spacing_tablet":0,"ocean_menu_typo_spacing_mobile":0,"ocean_menu_typo_spacing_unit":"","ocean_menu_link_color":"","ocean_menu_link_color_hover":"","ocean_menu_link_color_active":"","ocean_menu_link_background":"","ocean_menu_link_hover_background":"","ocean_menu_link_active_background":"","ocean_menu_social_links_bg":"","ocean_menu_social_hover_links_bg":"","ocean_menu_social_links_color":"","ocean_menu_social_hover_links_color":"","ocean_disable_title":"default","ocean_disable_heading":"default","ocean_post_title":"","ocean_post_subheading":"","ocean_post_title_style":"","ocean_post_title_background_color":"","ocean_post_title_background":0,"ocean_post_title_bg_image_position":"","ocean_post_title_bg_image_attachment":"","ocean_post_title_bg_image_repeat":"","ocean_post_title_bg_image_size":"","ocean_post_title_height":0,"ocean_post_title_bg_overlay":0.5,"ocean_post_title_bg_overlay_color":"","ocean_disable_breadcrumbs":"default","ocean_breadcrumbs_color":"","ocean_breadcrumbs_separator_color":"","ocean_breadcrumbs_links_color":"","ocean_breadcrumbs_links_hover_color":"","ocean_display_footer_widgets":"default","ocean_display_footer_bottom":"default","ocean_custom_footer_template":"","footnotes":""},"class_list":["post-526","page","type-page","status-publish","hentry","entry"],"_links":{"self":[{"href":"https:\/\/fisioterapiadeladona.com\/es\/wp-json\/wp\/v2\/pages\/526","targetHints":{"allow":["GET"]}}],"collection":[{"href":"https:\/\/fisioterapiadeladona.com\/es\/wp-json\/wp\/v2\/pages"}],"about":[{"href":"https:\/\/fisioterapiadeladona.com\/es\/wp-json\/wp\/v2\/types\/page"}],"author":[{"embeddable":true,"href":"https:\/\/fisioterapiadeladona.com\/es\/wp-json\/wp\/v2\/users\/1"}],"replies":[{"embeddable":true,"href":"https:\/\/fisioterapiadeladona.com\/es\/wp-json\/wp\/v2\/comments?post=526"}],"version-history":[{"count":5,"href":"https:\/\/fisioterapiadeladona.com\/es\/wp-json\/wp\/v2\/pages\/526\/revisions"}],"predecessor-version":[{"id":620,"href":"https:\/\/fisioterapiadeladona.com\/es\/wp-json\/wp\/v2\/pages\/526\/revisions\/620"}],"wp:attachment":[{"href":"https:\/\/fisioterapiadeladona.com\/es\/wp-json\/wp\/v2\/media?parent=526"}],"curies":[{"name":"wp","href":"https:\/\/api.w.org\/{rel}","templated":true}]}}