{"id":539,"date":"2024-07-03T11:32:29","date_gmt":"2024-07-03T09:32:29","guid":{"rendered":"https:\/\/fisioterapiadeladona.com\/menopausia\/"},"modified":"2024-07-03T11:32:29","modified_gmt":"2024-07-03T09:32:29","slug":"menopausia","status":"publish","type":"page","link":"https:\/\/fisioterapiadeladona.com\/es\/menopausia\/","title":{"rendered":"Menopausia"},"content":{"rendered":"\n<div class=\"wp-block-cover alignfull is-light hero\" style=\"min-height:100vh;aspect-ratio:unset;\"><span aria-hidden=\"true\" class=\"wp-block-cover__background has-white-background-color has-background-dim-0 has-background-dim\"><\/span><img loading=\"lazy\" decoding=\"async\" width=\"1707\" height=\"2560\" class=\"wp-block-cover__image-background wp-image-54\" alt=\"\" src=\"https:\/\/blamark.com\/SILVIA\/wp-content\/uploads\/2024\/06\/Espai_Ale__022-scaled.jpg\" style=\"object-position:54% 28%\" data-object-fit=\"cover\" data-object-position=\"54% 28%\" srcset=\"https:\/\/fisioterapiadeladona.com\/wp-content\/uploads\/2024\/06\/Espai_Ale__022-scaled.jpg 1707w, https:\/\/fisioterapiadeladona.com\/wp-content\/uploads\/2024\/06\/Espai_Ale__022-200x300.jpg 200w, https:\/\/fisioterapiadeladona.com\/wp-content\/uploads\/2024\/06\/Espai_Ale__022-683x1024.jpg 683w, https:\/\/fisioterapiadeladona.com\/wp-content\/uploads\/2024\/06\/Espai_Ale__022-768x1152.jpg 768w, https:\/\/fisioterapiadeladona.com\/wp-content\/uploads\/2024\/06\/Espai_Ale__022-1024x1536.jpg 1024w, https:\/\/fisioterapiadeladona.com\/wp-content\/uploads\/2024\/06\/Espai_Ale__022-1365x2048.jpg 1365w\" sizes=\"auto, (max-width: 1707px) 100vw, 1707px\" \/><div class=\"wp-block-cover__inner-container is-layout-constrained wp-block-cover-is-layout-constrained\">\n<div class=\"wp-block-columns is-layout-flex wp-container-core-columns-is-layout-9d6595d7 wp-block-columns-is-layout-flex\">\n<div class=\"wp-block-column is-layout-flow wp-block-column-is-layout-flow\">\n<h1 class=\"wp-block-heading o-typing-delay-100ms o-typing-fast has-white-color has-text-color has-link-color has-x-large-font-size wp-elements-162d8aada303315b34b6b20af11fa921\"><strong><o-anim-typing>Menopausia<\/o-anim-typing><\/strong><\/h1>\n\n\n\n<hr class=\"wp-block-separator has-alpha-channel-opacity\">\n\n\n\n<h2 class=\"wp-block-heading has-white-color has-text-color has-link-color wp-elements-a88f5d8516fdbecaf3eb866f7ce7228a\"><strong><strong>Acompa\u00f1amiento en la Menopausia<\/strong><\/strong><\/h2>\n<\/div>\n\n\n\n<div class=\"wp-block-column is-layout-flow wp-block-column-is-layout-flow\"><\/div>\n<\/div>\n<\/div><\/div>\n\n\n\n<div class=\"wp-block-cover alignfull is-light coberta wp-duotone-unset-1\"><span aria-hidden=\"true\" class=\"wp-block-cover__background has-cyan-bluish-gray-background-color has-background-dim-0 has-background-dim\"><\/span><div class=\"wp-block-cover__inner-container is-layout-constrained wp-block-cover-is-layout-constrained\">\n<div class=\"wp-block-cover alignwide is-light\"><span aria-hidden=\"true\" class=\"wp-block-cover__background has-white-background-color has-background-dim-0 has-background-dim\"><\/span><div class=\"wp-block-cover__inner-container is-layout-constrained wp-block-cover-is-layout-constrained\">\n<div class=\"wp-block-columns are-vertically-aligned-top is-layout-flex wp-container-core-columns-is-layout-9d6595d7 wp-block-columns-is-layout-flex\">\n<div class=\"wp-block-column is-vertically-aligned-top is-layout-flow wp-block-column-is-layout-flow\">\n<h1 class=\"wp-block-heading\"><img loading=\"lazy\" decoding=\"async\" width=\"40\" height=\"42\" class=\"wp-image-194\" style=\"width: 40px;\" src=\"https:\/\/blamark.com\/SILVIA\/wp-content\/uploads\/2024\/06\/logoSILVIA.png\" alt=\"\" srcset=\"https:\/\/fisioterapiadeladona.com\/wp-content\/uploads\/2024\/06\/logoSILVIA.png 2000w, https:\/\/fisioterapiadeladona.com\/wp-content\/uploads\/2024\/06\/logoSILVIA-284x300.png 284w, https:\/\/fisioterapiadeladona.com\/wp-content\/uploads\/2024\/06\/logoSILVIA-970x1024.png 970w, https:\/\/fisioterapiadeladona.com\/wp-content\/uploads\/2024\/06\/logoSILVIA-768x811.png 768w, https:\/\/fisioterapiadeladona.com\/wp-content\/uploads\/2024\/06\/logoSILVIA-1455x1536.png 1455w, https:\/\/fisioterapiadeladona.com\/wp-content\/uploads\/2024\/06\/logoSILVIA-1940x2048.png 1940w\" sizes=\"auto, (max-width: 40px) 100vw, 40px\" \/> <strong>Menopausia<\/strong><\/h1>\n\n\n\n<hr class=\"wp-block-separator has-alpha-channel-opacity\">\n\n\n\n<p>La menopausia es una etapa de la vida de la mujer que puede estar asociada a distintos s\u00edntomas como sequedad, falta de lubricaci\u00f3n, dolor en las relaciones, insomnio, nerviosismo, disminuci\u00f3n de la densidad \u00f3sea y sofocos. Afortunadamente, hoy en d\u00eda podemos vivirla de forma positiva con el soporte y las herramientas adecuadas.<\/p>\n\n\n\n<p><strong>Acompa\u00f1amiento en la Menopausia<\/strong><\/p>\n\n\n\n<p>Ofrecemos valoraci\u00f3n y tratamiento de diferentes disfunciones como:<\/p>\n\n\n\n<ul class=\"wp-block-list\">\n<li>Atrofia vaginal<\/li>\n\n\n\n<li>Dolor en las relaciones<\/li>\n\n\n\n<li>Sequedad y picores vaginales<\/li>\n\n\n\n<li>Prolapso de \u00f3rganos p\u00e9lvicos<\/li>\n\n\n\n<li>Incontinencia de urgencia y esfuerzo<\/li>\n\n\n\n<li>L\u00edquen<\/li>\n<\/ul>\n\n\n\n<p>Cada caso es tratado de forma personalizada, adaptando el tratamiento a las necesidades individuales de cada mujer.<\/p>\n\n\n\n<div class=\"wp-block-buttons animated backInLeft is-layout-flex wp-block-buttons-is-layout-flex\">\n<div class=\"wp-block-button\"><a class=\"wp-block-button__link wp-element-button\" href=\"https:\/\/wa.me\/34699692842\" style=\"border-radius:0px\">CONT\u00c1CTAME \u2b62<\/a><\/div>\n<\/div>\n<\/div>\n\n\n\n<div class=\"wp-block-column is-vertically-aligned-top PACKS has-background is-layout-flow wp-block-column-is-layout-flow\" style=\"background-color:#abb7c226\">\n<h1 class=\"wp-block-heading\"><img loading=\"lazy\" decoding=\"async\" width=\"40\" height=\"42\" class=\"wp-image-194\" style=\"width: 40px;\" src=\"https:\/\/blamark.com\/SILVIA\/wp-content\/uploads\/2024\/06\/logoSILVIA.png\" alt=\"\" srcset=\"https:\/\/fisioterapiadeladona.com\/wp-content\/uploads\/2024\/06\/logoSILVIA.png 2000w, https:\/\/fisioterapiadeladona.com\/wp-content\/uploads\/2024\/06\/logoSILVIA-284x300.png 284w, https:\/\/fisioterapiadeladona.com\/wp-content\/uploads\/2024\/06\/logoSILVIA-970x1024.png 970w, https:\/\/fisioterapiadeladona.com\/wp-content\/uploads\/2024\/06\/logoSILVIA-768x811.png 768w, https:\/\/fisioterapiadeladona.com\/wp-content\/uploads\/2024\/06\/logoSILVIA-1455x1536.png 1455w, https:\/\/fisioterapiadeladona.com\/wp-content\/uploads\/2024\/06\/logoSILVIA-1940x2048.png 1940w\" sizes=\"auto, (max-width: 40px) 100vw, 40px\" \/> <strong><strong>Pack Atrofia\/Menopausia:<\/strong><\/strong><\/h1>\n\n\n\n<hr class=\"wp-block-separator has-alpha-channel-opacity\">\n\n\n\n<h2 class=\"wp-block-heading\">Incluye:<\/h2>\n\n\n\n<ul class=\"wp-block-list\">\n<li>1 Sesi\u00f3n de valoraci\u00f3n<\/li>\n\n\n\n<li>1 Sesi\u00f3n de tronco propioceptivo<\/li>\n\n\n\n<li>1 Tronco propioceptivo hecho artesanalmente, de madera de pino de una sola pieza<\/li>\n\n\n\n<li>1 Sesi\u00f3n de trabajo del suelo p\u00e9lvico<\/li>\n\n\n\n<li>5 Sesiones de radiofrecuencia\/diatermia (30&#8242; cada una)<\/li>\n<\/ul>\n\n\n\n<p><strong>Valor:<\/strong> 524 \u20ac<\/p>\n\n\n\n<p><strong>Precio con descuento (20%):<\/strong> 420\u20ac<\/p>\n\n\n\n<p>Adem\u00e1s, tienes conexi\u00f3n directa conmigo v\u00eda WhatsApp para dudas o inquietudes.<\/p>\n\n\n\n<p>Todos los packs se personalizar\u00e1n seg\u00fan cada paciente.  <\/p>\n\n\n\n<div class=\"wp-block-buttons animated backInLeft is-layout-flex wp-block-buttons-is-layout-flex\">\n<div class=\"wp-block-button\"><a class=\"wp-block-button__link wp-element-button\" href=\"https:\/\/wa.me\/34699692842\" style=\"border-radius:0px\">HABLAMOS \u2b62<\/a><\/div>\n<\/div>\n<\/div>\n<\/div>\n<\/div><\/div>\n<\/div><\/div>\n","protected":false},"excerpt":{"rendered":"","protected":false},"author":1,"featured_media":0,"parent":0,"menu_order":0,"comment_status":"closed","ping_status":"closed","template":"","meta":{"ocean_post_layout":"","ocean_both_sidebars_style":"","ocean_both_sidebars_content_width":0,"ocean_both_sidebars_sidebars_width":0,"ocean_sidebar":"","ocean_second_sidebar":"","ocean_disable_margins":"enable","ocean_add_body_class":"","ocean_shortcode_before_top_bar":"","ocean_shortcode_after_top_bar":"","ocean_shortcode_before_header":"","ocean_shortcode_after_header":"","ocean_has_shortcode":"","ocean_shortcode_after_title":"","ocean_shortcode_before_footer_widgets":"","ocean_shortcode_after_footer_widgets":"","ocean_shortcode_before_footer_bottom":"","ocean_shortcode_after_footer_bottom":"","ocean_display_top_bar":"default","ocean_display_header":"default","ocean_header_style":"","ocean_center_header_left_menu":"","ocean_custom_header_template":"","ocean_custom_logo":0,"ocean_custom_retina_logo":0,"ocean_custom_logo_max_width":0,"ocean_custom_logo_tablet_max_width":0,"ocean_custom_logo_mobile_max_width":0,"ocean_custom_logo_max_height":0,"ocean_custom_logo_tablet_max_height":0,"ocean_custom_logo_mobile_max_height":0,"ocean_header_custom_menu":"","ocean_menu_typo_font_family":"","ocean_menu_typo_font_subset":"","ocean_menu_typo_font_size":0,"ocean_menu_typo_font_size_tablet":0,"ocean_menu_typo_font_size_mobile":0,"ocean_menu_typo_font_size_unit":"px","ocean_menu_typo_font_weight":"","ocean_menu_typo_font_weight_tablet":"","ocean_menu_typo_font_weight_mobile":"","ocean_menu_typo_transform":"","ocean_menu_typo_transform_tablet":"","ocean_menu_typo_transform_mobile":"","ocean_menu_typo_line_height":0,"ocean_menu_typo_line_height_tablet":0,"ocean_menu_typo_line_height_mobile":0,"ocean_menu_typo_line_height_unit":"","ocean_menu_typo_spacing":0,"ocean_menu_typo_spacing_tablet":0,"ocean_menu_typo_spacing_mobile":0,"ocean_menu_typo_spacing_unit":"","ocean_menu_link_color":"","ocean_menu_link_color_hover":"","ocean_menu_link_color_active":"","ocean_menu_link_background":"","ocean_menu_link_hover_background":"","ocean_menu_link_active_background":"","ocean_menu_social_links_bg":"","ocean_menu_social_hover_links_bg":"","ocean_menu_social_links_color":"","ocean_menu_social_hover_links_color":"","ocean_disable_title":"default","ocean_disable_heading":"default","ocean_post_title":"","ocean_post_subheading":"","ocean_post_title_style":"","ocean_post_title_background_color":"","ocean_post_title_background":0,"ocean_post_title_bg_image_position":"","ocean_post_title_bg_image_attachment":"","ocean_post_title_bg_image_repeat":"","ocean_post_title_bg_image_size":"","ocean_post_title_height":0,"ocean_post_title_bg_overlay":0.5,"ocean_post_title_bg_overlay_color":"","ocean_disable_breadcrumbs":"default","ocean_breadcrumbs_color":"","ocean_breadcrumbs_separator_color":"","ocean_breadcrumbs_links_color":"","ocean_breadcrumbs_links_hover_color":"","ocean_display_footer_widgets":"default","ocean_display_footer_bottom":"default","ocean_custom_footer_template":"","footnotes":""},"class_list":["post-539","page","type-page","status-publish","hentry","entry"],"_links":{"self":[{"href":"https:\/\/fisioterapiadeladona.com\/es\/wp-json\/wp\/v2\/pages\/539","targetHints":{"allow":["GET"]}}],"collection":[{"href":"https:\/\/fisioterapiadeladona.com\/es\/wp-json\/wp\/v2\/pages"}],"about":[{"href":"https:\/\/fisioterapiadeladona.com\/es\/wp-json\/wp\/v2\/types\/page"}],"author":[{"embeddable":true,"href":"https:\/\/fisioterapiadeladona.com\/es\/wp-json\/wp\/v2\/users\/1"}],"replies":[{"embeddable":true,"href":"https:\/\/fisioterapiadeladona.com\/es\/wp-json\/wp\/v2\/comments?post=539"}],"version-history":[{"count":0,"href":"https:\/\/fisioterapiadeladona.com\/es\/wp-json\/wp\/v2\/pages\/539\/revisions"}],"wp:attachment":[{"href":"https:\/\/fisioterapiadeladona.com\/es\/wp-json\/wp\/v2\/media?parent=539"}],"curies":[{"name":"wp","href":"https:\/\/api.w.org\/{rel}","templated":true}]}}