{"id":540,"date":"2024-07-03T10:23:07","date_gmt":"2024-07-03T08:23:07","guid":{"rendered":"https:\/\/fisioterapiadeladona.com\/otros-tratamientos\/"},"modified":"2024-09-28T09:27:56","modified_gmt":"2024-09-28T07:27:56","slug":"otros-tratamientos","status":"publish","type":"page","link":"https:\/\/fisioterapiadeladona.com\/es\/otros-tratamientos\/","title":{"rendered":"OTROS TRATAMIENTOS"},"content":{"rendered":"\n<div class=\"wp-block-cover alignfull is-light hero\" style=\"min-height:100vh;aspect-ratio:unset;\"><span aria-hidden=\"true\" class=\"wp-block-cover__background has-white-background-color has-background-dim-0 has-background-dim\"><\/span><img loading=\"lazy\" decoding=\"async\" width=\"2556\" height=\"1704\" class=\"wp-block-cover__image-background wp-image-41\" alt=\"\" src=\"https:\/\/fisioterapiadeladona.com\/wp-content\/uploads\/2024\/06\/a-consulta.jpg\" data-object-fit=\"cover\" srcset=\"https:\/\/fisioterapiadeladona.com\/wp-content\/uploads\/2024\/06\/a-consulta.jpg 2556w, https:\/\/fisioterapiadeladona.com\/wp-content\/uploads\/2024\/06\/a-consulta-300x200.jpg 300w, https:\/\/fisioterapiadeladona.com\/wp-content\/uploads\/2024\/06\/a-consulta-1024x683.jpg 1024w, https:\/\/fisioterapiadeladona.com\/wp-content\/uploads\/2024\/06\/a-consulta-768x512.jpg 768w, https:\/\/fisioterapiadeladona.com\/wp-content\/uploads\/2024\/06\/a-consulta-1536x1024.jpg 1536w, https:\/\/fisioterapiadeladona.com\/wp-content\/uploads\/2024\/06\/a-consulta-2048x1365.jpg 2048w\" sizes=\"auto, (max-width: 2556px) 100vw, 2556px\" \/><div class=\"wp-block-cover__inner-container is-layout-constrained wp-block-cover-is-layout-constrained\">\n<div class=\"wp-block-columns is-layout-flex wp-container-core-columns-is-layout-9d6595d7 wp-block-columns-is-layout-flex\">\n<div class=\"wp-block-column is-layout-flow wp-block-column-is-layout-flow\">\n<h1 class=\"wp-block-heading o-typing-delay-100ms o-typing-fast has-white-color has-text-color has-link-color has-x-large-font-size wp-elements-d7a4dcf351a9f4cbd9e082358e4dbfed\"><strong><o-anim-typing>OTROS TRATAMIENTOS<\/o-anim-typing><\/strong><\/h1>\n\n\n\n<hr class=\"wp-block-separator has-alpha-channel-opacity\">\n\n\n\n<h2 class=\"wp-block-heading has-white-color has-text-color has-link-color wp-elements-0d6a0d3a359251558ce9c9e6e5c5ccbf\"><\/h2>\n<\/div>\n\n\n\n<div class=\"wp-block-column is-layout-flow wp-block-column-is-layout-flow\"><\/div>\n<\/div>\n<\/div><\/div>\n\n\n\n<div class=\"wp-block-cover alignfull is-light coberta wp-duotone-unset-1\"><span aria-hidden=\"true\" class=\"wp-block-cover__background has-cyan-bluish-gray-background-color has-background-dim-0 has-background-dim\"><\/span><div class=\"wp-block-cover__inner-container is-layout-constrained wp-block-cover-is-layout-constrained\">\n<div class=\"wp-block-cover alignwide is-light\"><span aria-hidden=\"true\" class=\"wp-block-cover__background has-white-background-color has-background-dim-0 has-background-dim\"><\/span><div class=\"wp-block-cover__inner-container is-layout-constrained wp-block-cover-is-layout-constrained\">\n<div class=\"wp-block-columns are-vertically-aligned-top is-layout-flex wp-container-core-columns-is-layout-9d6595d7 wp-block-columns-is-layout-flex\">\n<div class=\"wp-block-column is-vertically-aligned-top is-layout-flow wp-block-column-is-layout-flow\">\n<h1 class=\"wp-block-heading\"><img loading=\"lazy\" decoding=\"async\" width=\"40\" height=\"42\" class=\"wp-image-194\" style=\"width: 40px;\" src=\"https:\/\/blamark.com\/SILVIA\/wp-content\/uploads\/2024\/06\/logoSILVIA.png\" alt=\"\" srcset=\"https:\/\/fisioterapiadeladona.com\/wp-content\/uploads\/2024\/06\/logoSILVIA.png 2000w, https:\/\/fisioterapiadeladona.com\/wp-content\/uploads\/2024\/06\/logoSILVIA-284x300.png 284w, https:\/\/fisioterapiadeladona.com\/wp-content\/uploads\/2024\/06\/logoSILVIA-970x1024.png 970w, https:\/\/fisioterapiadeladona.com\/wp-content\/uploads\/2024\/06\/logoSILVIA-768x811.png 768w, https:\/\/fisioterapiadeladona.com\/wp-content\/uploads\/2024\/06\/logoSILVIA-1455x1536.png 1455w, https:\/\/fisioterapiadeladona.com\/wp-content\/uploads\/2024\/06\/logoSILVIA-1940x2048.png 1940w\" sizes=\"auto, (max-width: 40px) 100vw, 40px\" \/> <strong><strong>\u00bfEn qu\u00e9 puedo ayudarte?<\/strong><\/strong><\/h1>\n\n\n\n<hr class=\"wp-block-separator has-alpha-channel-opacity\">\n\n\n\n<p><strong>Incontinencia Urinaria:<\/strong><br> P\u00e9rdida involuntaria de orina. Hay varios tipos, como incontinencia de esfuerzo y urgencia.<\/p>\n\n\n\n<p><strong>Prolapso:<\/strong><br> Descenso de uno o varios \u00f3rganos de la pelvis, produciendo s\u00edntomas como sensaci\u00f3n de bulto, dolor, o dificultad para orinar.<\/p>\n\n\n\n<p><strong>Atrofia Vaginal\/Sequedad:<\/strong><br> Paredes vaginales m\u00e1s delgadas que generan sequedad, picores y dolor.<\/p>\n\n\n\n<p><strong>L\u00edquen:<\/strong><br> Inflamaci\u00f3n autoinmune que afecta a la piel vulvar.<\/p>\n\n\n\n<p><strong>Dolor en las Relaciones Sexuales (Vaginismo):<\/strong><br> Dolor durante las relaciones sexuales por diversas causas.<\/p>\n\n\n\n<p><strong>Menopausia:<\/strong><br> Acompa\u00f1amiento en esta etapa para tratar s\u00edntomas como sequedad, falta de lubricaci\u00f3n, dolor en las relaciones, insomnio, etc.<\/p>\n<\/div>\n\n\n\n<div class=\"wp-block-column is-vertically-aligned-top PACKS has-background is-layout-flow wp-block-column-is-layout-flow\" style=\"background-color:#abb7c229\">\n<h1 class=\"wp-block-heading\"><img loading=\"lazy\" decoding=\"async\" width=\"40\" height=\"42\" class=\"wp-image-194\" style=\"width: 40px;\" src=\"https:\/\/blamark.com\/SILVIA\/wp-content\/uploads\/2024\/06\/logoSILVIA.png\" alt=\"\" srcset=\"https:\/\/fisioterapiadeladona.com\/wp-content\/uploads\/2024\/06\/logoSILVIA.png 2000w, https:\/\/fisioterapiadeladona.com\/wp-content\/uploads\/2024\/06\/logoSILVIA-284x300.png 284w, https:\/\/fisioterapiadeladona.com\/wp-content\/uploads\/2024\/06\/logoSILVIA-970x1024.png 970w, https:\/\/fisioterapiadeladona.com\/wp-content\/uploads\/2024\/06\/logoSILVIA-768x811.png 768w, https:\/\/fisioterapiadeladona.com\/wp-content\/uploads\/2024\/06\/logoSILVIA-1455x1536.png 1455w, https:\/\/fisioterapiadeladona.com\/wp-content\/uploads\/2024\/06\/logoSILVIA-1940x2048.png 1940w\" sizes=\"auto, (max-width: 40px) 100vw, 40px\" \/> <strong><strong>Pack Atrofia\/Menopausia:<\/strong><\/strong><\/h1>\n\n\n\n<hr class=\"wp-block-separator has-alpha-channel-opacity\">\n\n\n\n<h2 class=\"wp-block-heading\">Incluye:<\/h2>\n\n\n\n<ul class=\"wp-block-list\">\n<li>1 Sesi\u00f3n de valoraci\u00f3n<\/li>\n\n\n\n<li>1 Sesi\u00f3n de tronco propioceptivo<\/li>\n\n\n\n<li>1 Tronco propioceptivo hecho artesanalmente, de madera de pino de una sola pieza<\/li>\n\n\n\n<li>1 Sesi\u00f3n de trabajo del suelo p\u00e9lvico<\/li>\n\n\n\n<li>5 Sesiones de radiofrecuencia\/diatermia (30&#8242; cada una)<\/li>\n<\/ul>\n\n\n\n<p><strong>Valor:<\/strong> 524 \u20ac<\/p>\n\n\n\n<p><strong>Precio con descuento (20%):<\/strong> 420\u20ac<\/p>\n\n\n\n<p>Adem\u00e1s, tienes conexi\u00f3n directa conmigo v\u00eda WhatsApp para dudas o inquietudes.<\/p>\n\n\n\n<div class=\"wp-block-buttons animated backInLeft is-layout-flex wp-block-buttons-is-layout-flex\">\n<div class=\"wp-block-button\"><a class=\"wp-block-button__link wp-element-button\" href=\"https:\/\/wa.me\/34699692842\" style=\"border-radius:0px\">CONT\u00c1CTAME \u2b62<\/a><\/div>\n<\/div>\n\n\n\n<figure class=\"wp-block-image size-large\"><img loading=\"lazy\" decoding=\"async\" width=\"1024\" height=\"683\" src=\"https:\/\/blamark.com\/SILVIA\/wp-content\/uploads\/2024\/06\/Espai_Ale__017-1024x683.jpg\" alt=\"\" class=\"wp-image-49\" srcset=\"https:\/\/fisioterapiadeladona.com\/wp-content\/uploads\/2024\/06\/Espai_Ale__017-1024x683.jpg 1024w, https:\/\/fisioterapiadeladona.com\/wp-content\/uploads\/2024\/06\/Espai_Ale__017-300x200.jpg 300w, https:\/\/fisioterapiadeladona.com\/wp-content\/uploads\/2024\/06\/Espai_Ale__017-768x512.jpg 768w, https:\/\/fisioterapiadeladona.com\/wp-content\/uploads\/2024\/06\/Espai_Ale__017-1536x1024.jpg 1536w, https:\/\/fisioterapiadeladona.com\/wp-content\/uploads\/2024\/06\/Espai_Ale__017-2048x1365.jpg 2048w\" sizes=\"auto, (max-width: 1024px) 100vw, 1024px\" \/><\/figure>\n<\/div>\n<\/div>\n<\/div><\/div>\n<\/div><\/div>\n","protected":false},"excerpt":{"rendered":"","protected":false},"author":1,"featured_media":0,"parent":0,"menu_order":0,"comment_status":"closed","ping_status":"closed","template":"","meta":{"ocean_post_layout":"","ocean_both_sidebars_style":"","ocean_both_sidebars_content_width":0,"ocean_both_sidebars_sidebars_width":0,"ocean_sidebar":"","ocean_second_sidebar":"","ocean_disable_margins":"enable","ocean_add_body_class":"","ocean_shortcode_before_top_bar":"","ocean_shortcode_after_top_bar":"","ocean_shortcode_before_header":"","ocean_shortcode_after_header":"","ocean_has_shortcode":"","ocean_shortcode_after_title":"","ocean_shortcode_before_footer_widgets":"","ocean_shortcode_after_footer_widgets":"","ocean_shortcode_before_footer_bottom":"","ocean_shortcode_after_footer_bottom":"","ocean_display_top_bar":"default","ocean_display_header":"default","ocean_header_style":"","ocean_center_header_left_menu":"","ocean_custom_header_template":"","ocean_custom_logo":0,"ocean_custom_retina_logo":0,"ocean_custom_logo_max_width":0,"ocean_custom_logo_tablet_max_width":0,"ocean_custom_logo_mobile_max_width":0,"ocean_custom_logo_max_height":0,"ocean_custom_logo_tablet_max_height":0,"ocean_custom_logo_mobile_max_height":0,"ocean_header_custom_menu":"","ocean_menu_typo_font_family":"","ocean_menu_typo_font_subset":"","ocean_menu_typo_font_size":0,"ocean_menu_typo_font_size_tablet":0,"ocean_menu_typo_font_size_mobile":0,"ocean_menu_typo_font_size_unit":"px","ocean_menu_typo_font_weight":"","ocean_menu_typo_font_weight_tablet":"","ocean_menu_typo_font_weight_mobile":"","ocean_menu_typo_transform":"","ocean_menu_typo_transform_tablet":"","ocean_menu_typo_transform_mobile":"","ocean_menu_typo_line_height":0,"ocean_menu_typo_line_height_tablet":0,"ocean_menu_typo_line_height_mobile":0,"ocean_menu_typo_line_height_unit":"","ocean_menu_typo_spacing":0,"ocean_menu_typo_spacing_tablet":0,"ocean_menu_typo_spacing_mobile":0,"ocean_menu_typo_spacing_unit":"","ocean_menu_link_color":"","ocean_menu_link_color_hover":"","ocean_menu_link_color_active":"","ocean_menu_link_background":"","ocean_menu_link_hover_background":"","ocean_menu_link_active_background":"","ocean_menu_social_links_bg":"","ocean_menu_social_hover_links_bg":"","ocean_menu_social_links_color":"","ocean_menu_social_hover_links_color":"","ocean_disable_title":"default","ocean_disable_heading":"default","ocean_post_title":"","ocean_post_subheading":"","ocean_post_title_style":"","ocean_post_title_background_color":"","ocean_post_title_background":0,"ocean_post_title_bg_image_position":"","ocean_post_title_bg_image_attachment":"","ocean_post_title_bg_image_repeat":"","ocean_post_title_bg_image_size":"","ocean_post_title_height":0,"ocean_post_title_bg_overlay":0.5,"ocean_post_title_bg_overlay_color":"","ocean_disable_breadcrumbs":"default","ocean_breadcrumbs_color":"","ocean_breadcrumbs_separator_color":"","ocean_breadcrumbs_links_color":"","ocean_breadcrumbs_links_hover_color":"","ocean_display_footer_widgets":"default","ocean_display_footer_bottom":"default","ocean_custom_footer_template":"","footnotes":""},"class_list":["post-540","page","type-page","status-publish","hentry","entry"],"_links":{"self":[{"href":"https:\/\/fisioterapiadeladona.com\/es\/wp-json\/wp\/v2\/pages\/540","targetHints":{"allow":["GET"]}}],"collection":[{"href":"https:\/\/fisioterapiadeladona.com\/es\/wp-json\/wp\/v2\/pages"}],"about":[{"href":"https:\/\/fisioterapiadeladona.com\/es\/wp-json\/wp\/v2\/types\/page"}],"author":[{"embeddable":true,"href":"https:\/\/fisioterapiadeladona.com\/es\/wp-json\/wp\/v2\/users\/1"}],"replies":[{"embeddable":true,"href":"https:\/\/fisioterapiadeladona.com\/es\/wp-json\/wp\/v2\/comments?post=540"}],"version-history":[{"count":2,"href":"https:\/\/fisioterapiadeladona.com\/es\/wp-json\/wp\/v2\/pages\/540\/revisions"}],"predecessor-version":[{"id":603,"href":"https:\/\/fisioterapiadeladona.com\/es\/wp-json\/wp\/v2\/pages\/540\/revisions\/603"}],"wp:attachment":[{"href":"https:\/\/fisioterapiadeladona.com\/es\/wp-json\/wp\/v2\/media?parent=540"}],"curies":[{"name":"wp","href":"https:\/\/api.w.org\/{rel}","templated":true}]}}